{"id":15830,"date":"2017-12-19T14:42:45","date_gmt":"2017-12-19T14:42:45","guid":{"rendered":"https:\/\/www.discgolfpark.com\/?page_id=15830"},"modified":"2025-11-19T13:19:17","modified_gmt":"2025-11-19T11:19:17","slug":"discgolfpark","status":"publish","type":"page","link":"https:\/\/www.discgolfpark.com\/de\/discgolfpark\/konzept\/discgolfpark\/","title":{"rendered":"DiscGolfPark\u00ae"},"content":{"rendered":"","protected":false},"excerpt":{"rendered":"<p>Das Konzept DiscGolfPark DiscGolfPark ist ein einzigartiges Konzept f\u00fcr Disc Golf-Anlagen, das 2005 in Finnland entwickelt wurde. Es basiert auf der Idee, Sportanlagen auf umweltfreundliche Weise zu bauen. DiscGolfPark ist das weltweit beliebteste Konzept f\u00fcr Disc Golf-Pl\u00e4tze. Wir haben fast 500 Anlagen auf drei Kontinenten umgesetzt. DiscGolfPark bietet ein unvergessliches Erlebnisse f\u00fcr Spieler und Spielerinnen [&#8230;]<\/p>\n<p><a class=\"btn btn-secondary understrap-read-more-link\" href=\"https:\/\/www.discgolfpark.com\/de\/discgolfpark\/konzept\/discgolfpark\/\">Weiterlesen&#8230;<span class=\"screen-reader-text\"> from DiscGolfPark\u00ae<\/span><\/a><\/p>\n","protected":false},"author":1,"featured_media":14542,"parent":15827,"menu_order":0,"comment_status":"closed","ping_status":"closed","template":"page-templates\/page-with-sidebar.php","meta":[],"acf":[],"_links":{"self":[{"href":"https:\/\/www.discgolfpark.com\/de\/wp-json\/wp\/v2\/pages\/15830"}],"collection":[{"href":"https:\/\/www.discgolfpark.com\/de\/wp-json\/wp\/v2\/pages"}],"about":[{"href":"https:\/\/www.discgolfpark.com\/de\/wp-json\/wp\/v2\/types\/page"}],"author":[{"embeddable":true,"href":"https:\/\/www.discgolfpark.com\/de\/wp-json\/wp\/v2\/users\/1"}],"replies":[{"embeddable":true,"href":"https:\/\/www.discgolfpark.com\/de\/wp-json\/wp\/v2\/comments?post=15830"}],"version-history":[{"count":18,"href":"https:\/\/www.discgolfpark.com\/de\/wp-json\/wp\/v2\/pages\/15830\/revisions"}],"predecessor-version":[{"id":17947,"href":"https:\/\/www.discgolfpark.com\/de\/wp-json\/wp\/v2\/pages\/15830\/revisions\/17947"}],"up":[{"embeddable":true,"href":"https:\/\/www.discgolfpark.com\/de\/wp-json\/wp\/v2\/pages\/15827"}],"wp:featuredmedia":[{"embeddable":true,"href":"https:\/\/www.discgolfpark.com\/de\/wp-json\/wp\/v2\/media\/14542"}],"wp:attachment":[{"href":"https:\/\/www.discgolfpark.com\/de\/wp-json\/wp\/v2\/media?parent=15830"}],"curies":[{"name":"wp","href":"https:\/\/api.w.org\/{rel}","templated":true}]}}