{"id":15811,"date":"2017-12-19T14:41:08","date_gmt":"2017-12-19T14:41:08","guid":{"rendered":"https:\/\/www.discgolfpark.com\/?page_id=15811"},"modified":"2023-04-05T18:15:50","modified_gmt":"2023-04-05T16:15:50","slug":"disc-golf-in-finnland","status":"publish","type":"page","link":"https:\/\/www.discgolfpark.com\/de\/disc-golf\/disc-golf-in-finnland\/","title":{"rendered":"Disc Golf in Finnland"},"content":{"rendered":"","protected":false},"excerpt":{"rendered":"<p>Das Beispiel Finnland Wussten Sie, dass es in Finnland mehr Disc Golf-Pl\u00e4tze als Golfpl\u00e4tze gibt? Jedes Jahr werden in Finnland Dutzende Disc Golf-Pl\u00e4tze angelegt. Der Sport w\u00e4chst schnell in St\u00e4dten und Gemeinden, die ihren Einwohnern neue Sportarten anbieten wollen. Auch private Unternehmen erwerben Disc Golf-Anlagen, um ihren Kunden einen besseren Service zu bieten. Zu diesen [&#8230;]<\/p>\n<p><a class=\"btn btn-secondary understrap-read-more-link\" href=\"https:\/\/www.discgolfpark.com\/de\/disc-golf\/disc-golf-in-finnland\/\">Weiterlesen&#8230;<span class=\"screen-reader-text\"> from Disc Golf in Finnland<\/span><\/a><\/p>\n","protected":false},"author":1,"featured_media":0,"parent":15763,"menu_order":0,"comment_status":"closed","ping_status":"closed","template":"page-templates\/page-with-sidebar.php","meta":[],"acf":[],"_links":{"self":[{"href":"https:\/\/www.discgolfpark.com\/de\/wp-json\/wp\/v2\/pages\/15811"}],"collection":[{"href":"https:\/\/www.discgolfpark.com\/de\/wp-json\/wp\/v2\/pages"}],"about":[{"href":"https:\/\/www.discgolfpark.com\/de\/wp-json\/wp\/v2\/types\/page"}],"author":[{"embeddable":true,"href":"https:\/\/www.discgolfpark.com\/de\/wp-json\/wp\/v2\/users\/1"}],"replies":[{"embeddable":true,"href":"https:\/\/www.discgolfpark.com\/de\/wp-json\/wp\/v2\/comments?post=15811"}],"version-history":[{"count":9,"href":"https:\/\/www.discgolfpark.com\/de\/wp-json\/wp\/v2\/pages\/15811\/revisions"}],"predecessor-version":[{"id":16013,"href":"https:\/\/www.discgolfpark.com\/de\/wp-json\/wp\/v2\/pages\/15811\/revisions\/16013"}],"up":[{"embeddable":true,"href":"https:\/\/www.discgolfpark.com\/de\/wp-json\/wp\/v2\/pages\/15763"}],"wp:attachment":[{"href":"https:\/\/www.discgolfpark.com\/de\/wp-json\/wp\/v2\/media?parent=15811"}],"curies":[{"name":"wp","href":"https:\/\/api.w.org\/{rel}","templated":true}]}}