{"id":15766,"date":"2017-12-19T14:40:53","date_gmt":"2017-12-19T14:40:53","guid":{"rendered":"https:\/\/www.discgolfpark.com\/disc-golf\/why-disc-golf\/"},"modified":"2023-04-05T18:16:20","modified_gmt":"2023-04-05T16:16:20","slug":"warum-disc-golf","status":"publish","type":"page","link":"https:\/\/www.discgolfpark.com\/de\/disc-golf\/warum-disc-golf\/","title":{"rendered":"Warum Disc Golf?"},"content":{"rendered":"","protected":false},"excerpt":{"rendered":"<p>Disc Golf Die Idee des Disc Golfs ist \u00e4hnlich wie die des Golfs. Anstelle von Schl\u00e4gern und B\u00e4llen, wie beim regul\u00e4ren Ballgolf, besteht die Spielausr\u00fcstung beim Disc Golf aus einer Vielzahl von Plastikfrisbees, so genannte Disc Golf Scheiben, die es in vielen verschiedenen Formen und Gewichten gibt. Der Zielkorb im Disc Golf entspricht dem Loch [&#8230;]<\/p>\n<p><a class=\"btn btn-secondary understrap-read-more-link\" href=\"https:\/\/www.discgolfpark.com\/de\/disc-golf\/warum-disc-golf\/\">Weiterlesen&#8230;<span class=\"screen-reader-text\"> from Warum Disc Golf?<\/span><\/a><\/p>\n","protected":false},"author":1,"featured_media":14543,"parent":15763,"menu_order":0,"comment_status":"closed","ping_status":"closed","template":"page-templates\/page-with-sidebar.php","meta":[],"acf":[],"_links":{"self":[{"href":"https:\/\/www.discgolfpark.com\/de\/wp-json\/wp\/v2\/pages\/15766"}],"collection":[{"href":"https:\/\/www.discgolfpark.com\/de\/wp-json\/wp\/v2\/pages"}],"about":[{"href":"https:\/\/www.discgolfpark.com\/de\/wp-json\/wp\/v2\/types\/page"}],"author":[{"embeddable":true,"href":"https:\/\/www.discgolfpark.com\/de\/wp-json\/wp\/v2\/users\/1"}],"replies":[{"embeddable":true,"href":"https:\/\/www.discgolfpark.com\/de\/wp-json\/wp\/v2\/comments?post=15766"}],"version-history":[{"count":6,"href":"https:\/\/www.discgolfpark.com\/de\/wp-json\/wp\/v2\/pages\/15766\/revisions"}],"predecessor-version":[{"id":15825,"href":"https:\/\/www.discgolfpark.com\/de\/wp-json\/wp\/v2\/pages\/15766\/revisions\/15825"}],"up":[{"embeddable":true,"href":"https:\/\/www.discgolfpark.com\/de\/wp-json\/wp\/v2\/pages\/15763"}],"wp:featuredmedia":[{"embeddable":true,"href":"https:\/\/www.discgolfpark.com\/de\/wp-json\/wp\/v2\/media\/14543"}],"wp:attachment":[{"href":"https:\/\/www.discgolfpark.com\/de\/wp-json\/wp\/v2\/media?parent=15766"}],"curies":[{"name":"wp","href":"https:\/\/api.w.org\/{rel}","templated":true}]}}