{"id":14874,"date":"2018-05-17T12:51:20","date_gmt":"2018-05-17T10:51:20","guid":{"rendered":"https:\/\/www.discgolfpark.com\/?page_id=14874"},"modified":"2025-11-12T08:11:31","modified_gmt":"2025-11-12T06:11:31","slug":"kontaktieren-sie-uns-2","status":"publish","type":"page","link":"https:\/\/www.discgolfpark.com\/de\/kontakt\/kontaktieren-sie-uns-2\/","title":{"rendered":"Angebot einholen"},"content":{"rendered":"","protected":false},"excerpt":{"rendered":"<p>Standort w\u00e4hlen DiscGolfPark Europa StandortDiscGolfPark US Standort Land w\u00e4hlen Afghanistan\u00c4gypten\u00c5landinselnAlbanienAlgerienAmerikanisch-SamoaAmerikanische JungferninselnAmerikanische \u00dcberseeinselnAndorraAngolaAnguillaAntarktisAntigua und Barbuda\u00c4quatorialguineaArgentinienArmenienArubaAserbaidschan\u00c4thiopienAustralienBahamasBahrainBangladeschBarbadosBelarusBelgienBelizeBeninBermudaBhutanBolivienBonaire, Sint Eustatius und SabaBosnien und HerzegowinaBotsuanaBouvetinselBrasilienBritische JungferninselnBritisches Territorium im Indischen OzeanBrunei DarussalamBulgarienBurkina FasoBurundiCabo VerdeChileChinaCookinselnCosta RicaC\u00f4te d\u2019IvoireCura\u00e7aoD\u00e4nemarkDeutschlandDominicaDominikanische RepublikDschibutiEcuadorEl SalvadorEritreaEstlandEswatiniFalklandinselnF\u00e4r\u00f6erFidschiFinnlandFrankreichFranz\u00f6sisch-GuayanaFranz\u00f6sisch-PolynesienFranz\u00f6sische S\u00fcd- und AntarktisgebieteGabunGambiaGeorgienGhanaGibraltarGrenadaGriechenlandGr\u00f6nlandGuadeloupeGuamGuatemalaGuernseyGuineaGuinea-BissauGuyanaHaitiHeard und McDonaldinselnHondurasIndienIndonesienIrakIranIrlandIslandIsle of ManIsraelItalienJamaikaJapanJemenJerseyJordanienKaimaninselnKambodschaKamerunKanadaKasachstanKatarKeniaKirgisistanKiribatiKokosinselnKolumbienKomorenKongo-BrazzavilleKongo-KinshasaKroatienKubaKuwaitLaosLesothoLettlandLibanonLiberiaLibyenLiechtensteinLitauenLuxemburgMadagaskarMalawiMalaysiaMaledivenMaliMaltaMarokkoMarshallinselnMartiniqueMauretanienMauritiusMayotteMexikoMikronesienMonacoMongoleiMontenegroMontserratMosambikMyanmarNamibiaNauruNepalNeukaledonienNeuseelandNicaraguaNiederlandeNigerNigeriaNiueNordkoreaN\u00f6rdliche MarianenNordmazedonienNorfolkinselNorwegenOman\u00d6sterreichPakistanPal\u00e4stinensische AutonomiegebietePalauPanamaPapua-NeuguineaParaguayPeruPhilippinenPitcairninselnPolenPortugalPuerto RicoRepublik MoldauR\u00e9unionRuandaRum\u00e4nienRusslandSalomonenSambiaSamoaSan MarinoS\u00e3o Tom\u00e9 und Pr\u00edncipeSaudi-ArabienSchwedenSchweizSenegalSerbienSeychellenSierra LeoneSimbabweSingapurSint MaartenSlowakeiSlowenienSomaliaSonderverwaltungsregion HongkongSonderverwaltungsregion MacauSpanienSpitzbergen und Jan MayenSri LankaSt. [&#8230;]<\/p>\n<p><a class=\"btn btn-secondary understrap-read-more-link\" href=\"https:\/\/www.discgolfpark.com\/de\/kontakt\/kontaktieren-sie-uns-2\/\">Weiterlesen&#8230;<span class=\"screen-reader-text\"> from Angebot einholen<\/span><\/a><\/p>\n","protected":false},"author":3,"featured_media":0,"parent":14529,"menu_order":0,"comment_status":"closed","ping_status":"closed","template":"","meta":[],"acf":[],"_links":{"self":[{"href":"https:\/\/www.discgolfpark.com\/de\/wp-json\/wp\/v2\/pages\/14874"}],"collection":[{"href":"https:\/\/www.discgolfpark.com\/de\/wp-json\/wp\/v2\/pages"}],"about":[{"href":"https:\/\/www.discgolfpark.com\/de\/wp-json\/wp\/v2\/types\/page"}],"author":[{"embeddable":true,"href":"https:\/\/www.discgolfpark.com\/de\/wp-json\/wp\/v2\/users\/3"}],"replies":[{"embeddable":true,"href":"https:\/\/www.discgolfpark.com\/de\/wp-json\/wp\/v2\/comments?post=14874"}],"version-history":[{"count":13,"href":"https:\/\/www.discgolfpark.com\/de\/wp-json\/wp\/v2\/pages\/14874\/revisions"}],"predecessor-version":[{"id":17935,"href":"https:\/\/www.discgolfpark.com\/de\/wp-json\/wp\/v2\/pages\/14874\/revisions\/17935"}],"up":[{"embeddable":true,"href":"https:\/\/www.discgolfpark.com\/de\/wp-json\/wp\/v2\/pages\/14529"}],"wp:attachment":[{"href":"https:\/\/www.discgolfpark.com\/de\/wp-json\/wp\/v2\/media?parent=14874"}],"curies":[{"name":"wp","href":"https:\/\/api.w.org\/{rel}","templated":true}]}}