{"id":14872,"date":"2022-10-31T18:00:40","date_gmt":"2022-10-31T16:00:40","guid":{"rendered":"https:\/\/www.discgolfpark.com\/?page_id=14872"},"modified":"2023-04-20T08:51:26","modified_gmt":"2023-04-20T06:51:26","slug":"kontaktieren-sie-uns","status":"publish","type":"page","link":"https:\/\/www.discgolfpark.com\/de\/kontakt\/kontaktieren-sie-uns\/","title":{"rendered":"Kontaktieren Sie uns"},"content":{"rendered":"","protected":false},"excerpt":{"rendered":"<p>Standort w\u00e4hlen DiscGolfPark Europa StandortDiscGolfPark US Standort Land w\u00e4hlen Afghanistan\u00c4gypten\u00c5landinselnAlbanienAlgerienAmerikanisch-SamoaAmerikanische JungferninselnAmerikanische \u00dcberseeinselnAndorraAngolaAnguillaAntarktisAntigua und Barbuda\u00c4quatorialguineaArgentinienArmenienArubaAserbaidschan\u00c4thiopienAustralienBahamasBahrainBangladeschBarbadosBelarusBelgienBelizeBeninBermudaBhutanBolivienBonaire, Sint Eustatius und SabaBosnien und HerzegowinaBotsuanaBouvetinselBrasilienBritische JungferninselnBritisches Territorium im Indischen OzeanBrunei DarussalamBulgarienBurkina FasoBurundiCabo VerdeChileChinaCookinselnCosta RicaC\u00f4te d\u2019IvoireCura\u00e7aoD\u00e4nemarkDeutschlandDominicaDominikanische RepublikDschibutiEcuadorEl SalvadorEritreaEstlandEswatiniFalklandinselnF\u00e4r\u00f6erFidschiFinnlandFrankreichFranz\u00f6sisch-GuayanaFranz\u00f6sisch-PolynesienFranz\u00f6sische S\u00fcd- und AntarktisgebieteGabunGambiaGeorgienGhanaGibraltarGrenadaGriechenlandGr\u00f6nlandGuadeloupeGuamGuatemalaGuernseyGuineaGuinea-BissauGuyanaHaitiHeard und McDonaldinselnHondurasIndienIndonesienIrakIranIrlandIslandIsle of ManIsraelItalienJamaikaJapanJemenJerseyJordanienKaimaninselnKambodschaKamerunKanadaKasachstanKatarKeniaKirgisistanKiribatiKokosinselnKolumbienKomorenKongo-BrazzavilleKongo-KinshasaKroatienKubaKuwaitLaosLesothoLettlandLibanonLiberiaLibyenLiechtensteinLitauenLuxemburgMadagaskarMalawiMalaysiaMaledivenMaliMaltaMarokkoMarshallinselnMartiniqueMauretanienMauritiusMayotteMexikoMikronesienMonacoMongoleiMontenegroMontserratMosambikMyanmarNamibiaNauruNepalNeukaledonienNeuseelandNicaraguaNiederlandeNigerNigeriaNiueNordkoreaN\u00f6rdliche MarianenNordmazedonienNorfolkinselNorwegenOman\u00d6sterreichPakistanPal\u00e4stinensische AutonomiegebietePalauPanamaPapua-NeuguineaParaguayPeruPhilippinenPitcairninselnPolenPortugalPuerto RicoRepublik MoldauR\u00e9unionRuandaRum\u00e4nienRusslandSalomonenSambiaSamoaSan MarinoS\u00e3o Tom\u00e9 und Pr\u00edncipeSaudi-ArabienSchwedenSchweizSenegalSerbienSeychellenSierra LeoneSimbabweSingapurSint MaartenSlowakeiSlowenienSomaliaSonderverwaltungsregion HongkongSonderverwaltungsregion MacauSpanienSpitzbergen und Jan MayenSri LankaSt. [&#8230;]<\/p>\n<p><a class=\"btn btn-secondary understrap-read-more-link\" href=\"https:\/\/www.discgolfpark.com\/de\/kontakt\/kontaktieren-sie-uns\/\">Weiterlesen&#8230;<span class=\"screen-reader-text\"> from Kontaktieren Sie uns<\/span><\/a><\/p>\n","protected":false},"author":1,"featured_media":0,"parent":14529,"menu_order":0,"comment_status":"closed","ping_status":"closed","template":"","meta":[],"acf":[],"_links":{"self":[{"href":"https:\/\/www.discgolfpark.com\/de\/wp-json\/wp\/v2\/pages\/14872"}],"collection":[{"href":"https:\/\/www.discgolfpark.com\/de\/wp-json\/wp\/v2\/pages"}],"about":[{"href":"https:\/\/www.discgolfpark.com\/de\/wp-json\/wp\/v2\/types\/page"}],"author":[{"embeddable":true,"href":"https:\/\/www.discgolfpark.com\/de\/wp-json\/wp\/v2\/users\/1"}],"replies":[{"embeddable":true,"href":"https:\/\/www.discgolfpark.com\/de\/wp-json\/wp\/v2\/comments?post=14872"}],"version-history":[{"count":4,"href":"https:\/\/www.discgolfpark.com\/de\/wp-json\/wp\/v2\/pages\/14872\/revisions"}],"predecessor-version":[{"id":16143,"href":"https:\/\/www.discgolfpark.com\/de\/wp-json\/wp\/v2\/pages\/14872\/revisions\/16143"}],"up":[{"embeddable":true,"href":"https:\/\/www.discgolfpark.com\/de\/wp-json\/wp\/v2\/pages\/14529"}],"wp:attachment":[{"href":"https:\/\/www.discgolfpark.com\/de\/wp-json\/wp\/v2\/media?parent=14872"}],"curies":[{"name":"wp","href":"https:\/\/api.w.org\/{rel}","templated":true}]}}